{"id":108,"date":"2023-06-21T15:50:35","date_gmt":"2023-06-21T15:50:35","guid":{"rendered":"https:\/\/e-blackboard.es\/?page_id=108"},"modified":"2023-09-28T12:19:34","modified_gmt":"2023-09-28T12:19:34","slug":"que-es-e-blackboard","status":"publish","type":"page","link":"https:\/\/e-blackboard.es\/","title":{"rendered":"\u00bfQUE ES E-BLACKBOARD?"},"content":{"rendered":"<p>[et_pb_section fb_built=\u00bb1&#8243; admin_label=\u00bbHeader\u00bb _builder_version=\u00bb4.19.5&#8243; _module_preset=\u00bbdefault\u00bb background_color=\u00bbgcid-9ae412ef-a7ae-42a5-ab5b-f691fccab059&#8243; use_background_color_gradient=\u00bbon\u00bb background_color_gradient_stops=\u00bbrgba(9,9,21,0) 40%|#090915 95%\u00bb background_color_gradient_overlays_image=\u00bbon\u00bb background_image=\u00bbhttps:\/\/e-blackboard.es\/wp-content\/uploads\/2023\/06\/financial-technology-29f-scaled.jpg\u00bb background_size=\u00bbinitial\u00bb background_position=\u00bbtop_center\u00bb background_repeat=\u00bbrepeat\u00bb background_enable_pattern_style=\u00bbon\u00bb background_pattern_style=\u00bbscallops\u00bb background_pattern_color=\u00bbrgba(0,0,0,0.6)\u00bb background_pattern_size=\u00bbcustom\u00bb background_pattern_width=\u00bb8px\u00bb locked=\u00bboff\u00bb collapsed=\u00bboff\u00bb global_colors_info=\u00bb{%22gcid-9ae412ef-a7ae-42a5-ab5b-f691fccab059%22:%91%22background_color%22%93}\u00bb][et_pb_row _builder_version=\u00bb4.22.1&#8243; _module_preset=\u00bbdefault\u00bb width=\u00bb90%\u00bb max_width=\u00bb1280px\u00bb global_colors_info=\u00bb{}\u00bb][et_pb_column type=\u00bb4_4&#8243; _builder_version=\u00bb4.19.2&#8243; _module_preset=\u00bbdefault\u00bb global_colors_info=\u00bb{}\u00bb][et_pb_text admin_label=\u00bb\u00bfQu\u00e9 es E-Blackboard?\u00bb _builder_version=\u00bb4.21.0&#8243; _module_preset=\u00bb6dfbe9d6-1338-40dc-be90-17b2a68c6327&#8243; width=\u00bb79%\u00bb module_alignment=\u00bbcenter\u00bb custom_margin=\u00bb|-496px|106px|||\u00bb text_orientation_tablet=\u00bbcenter\u00bb text_orientation_phone=\u00bbcenter\u00bb text_orientation_last_edited=\u00bbon|tablet\u00bb global_colors_info=\u00bb{}\u00bb]<\/p>\n<h1 style=\"text-align: center;\">\u00bfQU\u00c9 ES E-Blackboard?<\/h1>\n<p>[\/et_pb_text][et_pb_image src=\u00bbhttps:\/\/e-blackboard.es\/wp-content\/uploads\/2023\/08\/DSC2061-scaled.jpg\u00bb title_text=\u00bbPizarra digital E-Blackboard\u00bb _builder_version=\u00bb4.22.1&#8243; _module_preset=\u00bbdefault\u00bb background_color=\u00bbRGBA(255,255,255,0)\u00bb global_colors_info=\u00bb{}\u00bb][\/et_pb_image][et_pb_text admin_label=\u00bbTexto\u00bb _builder_version=\u00bb4.22.1&#8243; _module_preset=\u00bbdefault\u00bb text_font=\u00bb|800|||||||\u00bb text_text_color=\u00bb#FFFFFF\u00bb text_font_size=\u00bb17px\u00bb width_tablet=\u00bb\u00bb width_phone=\u00bb\u00bb width_last_edited=\u00bbon|desktop\u00bb hover_enabled=\u00bb0&#8243; global_colors_info=\u00bb{}\u00bb custom_padding__hover_enabled=\u00bbon|desktop\u00bb sticky_enabled=\u00bb0&#8243;]<\/p>\n<p style=\"text-align: center;\"><strong>\u00a1Bienvenidos a la revoluci\u00f3n educativa con la 6\u00aa Generaci\u00f3n de e-Blackboard!<\/strong><\/p>\n<p style=\"text-align: justify;\">Imagina un mundo donde la elegancia y la tecnolog\u00eda se fusionan en una experiencia de aprendizaje \u00fanica. Presentamos E-Blackboard, un panel de 4 metros de pureza y sofisticaci\u00f3n que redefine c\u00f3mo ense\u00f1amos y presentamos. \u00bfListo para descubrir la magia?<\/p>\n<p style=\"text-align: center;\">\ud83c\udfa8<strong> Creatividad sin l\u00edmites: \ud83c\udfa8<\/strong><\/p>\n<p style=\"text-align: justify;\">Escribe con la flexibilidad de la tiza l\u00edquida o explora el mundo digital con un solo toque en esta maravilla tecnol\u00f3gica con hasta 20 puntos t\u00e1ctiles. Convierte tus ideas en obras maestras en un abrir y cerrar de ojos.<\/p>\n<p style=\"text-align: center;\"><strong>\ud83d\udd25 Resistencia incomparable: \ud83d\udd25<\/strong><\/p>\n<p style=\"text-align: justify;\">Dise\u00f1ada para desafiar cualquier entorno, la E-Blackboard cuenta con un panel de cristal fotoel\u00e9ctrico de alta resistencia y anti-ara\u00f1azos. \u00a1Robustez combinada con belleza!<\/p>\n<p style=\"text-align: center;\"><strong>\ud83d\udc40 Cuidado visual: \ud83d\udc40<\/strong><\/p>\n<p style=\"text-align: justify;\">Nuestro dise\u00f1o cuidadosamente creado asegura que tus ojos est\u00e9n a salvo durante las horas de uso. La E-Blackboard es cuidadosa con la vista para que puedas concentrarte en lo que realmente importa.<\/p>\n<p style=\"text-align: center;\"><strong>\ud83c\udf1f Experiencia visual perfecta: \ud83c\udf1f<\/strong><\/p>\n<p style=\"text-align: justify;\">La E-Blackboard ilumina tus ideas desde todos los \u00e1ngulos, garantizando que cada detalle sea apreciado como merece. Y con la opci\u00f3n de integrar un OPS, la simplicidad y la elegancia son tu nuevo est\u00e1ndar.<\/p>\n<p style=\"text-align: center;\"><strong>\ud83d\udd2e Lo mejor de ambos mundos:\ud83d\udd2e<\/strong><\/p>\n<p style=\"text-align: justify;\">Con un gesto sutil, transforma la E-Blackboard en una pizarra tradicional de tiza de 4 metros. Los trazos digitales y tradicionales coexisten, y todo se borra sin esfuerzo, dejando espacio para nuevas inspiraciones.<\/p>\n<p style=\"text-align: justify;\">\u00bfListo para experimentar la educaci\u00f3n del futuro? \u00a1La 6\u00aa Generaci\u00f3n de E-Blackboard te espera! Sum\u00e9rgete en una forma completamente nueva de ense\u00f1ar y presentar. \u00a1No dejes pasar esta oportunidad de elevar tu ense\u00f1anza y presentaciones a un nivel inigualable! Contacta con nosotros y da el salto hacia la innovaci\u00f3n.<\/p>\n<p>[\/et_pb_text][\/et_pb_column][\/et_pb_row][\/et_pb_section][et_pb_section fb_built=\u00bb1&#8243; admin_label=\u00bbHeader\u00bb _builder_version=\u00bb4.19.5&#8243; _module_preset=\u00bbdefault\u00bb background_color=\u00bbgcid-9ae412ef-a7ae-42a5-ab5b-f691fccab059&#8243; use_background_color_gradient=\u00bbon\u00bb background_color_gradient_stops=\u00bbrgba(9,9,21,0) 40%|#090915 95%\u00bb background_color_gradient_overlays_image=\u00bbon\u00bb background_image=\u00bbhttps:\/\/e-blackboard.es\/wp-content\/uploads\/2023\/06\/financial-technology-29f-scaled.jpg\u00bb background_size=\u00bbinitial\u00bb background_position=\u00bbtop_center\u00bb background_repeat=\u00bbrepeat\u00bb background_enable_pattern_style=\u00bbon\u00bb background_pattern_style=\u00bbscallops\u00bb background_pattern_color=\u00bbrgba(0,0,0,0.6)\u00bb background_pattern_size=\u00bbcustom\u00bb background_pattern_width=\u00bb8px\u00bb locked=\u00bboff\u00bb collapsed=\u00bboff\u00bb global_colors_info=\u00bb{%22gcid-9ae412ef-a7ae-42a5-ab5b-f691fccab059%22:%91%22background_color%22%93}\u00bb][et_pb_row _builder_version=\u00bb4.22.1&#8243; _module_preset=\u00bbdefault\u00bb width=\u00bb90%\u00bb max_width=\u00bb1280px\u00bb global_colors_info=\u00bb{}\u00bb][et_pb_column type=\u00bb4_4&#8243; _builder_version=\u00bb4.19.2&#8243; _module_preset=\u00bbdefault\u00bb global_colors_info=\u00bb{}\u00bb][et_pb_text admin_label=\u00bbNUESTROS TRABAJOS\u00bb _builder_version=\u00bb4.22.1&#8243; _module_preset=\u00bb6dfbe9d6-1338-40dc-be90-17b2a68c6327&#8243; width=\u00bb79%\u00bb module_alignment=\u00bbcenter\u00bb custom_margin=\u00bb|-496px|129px|||\u00bb text_orientation_tablet=\u00bbcenter\u00bb text_orientation_phone=\u00bbcenter\u00bb text_orientation_last_edited=\u00bbon|tablet\u00bb global_colors_info=\u00bb{}\u00bb]<\/p>\n<h1 style=\"text-align: center;\">NUESTROS TRABAJOS<\/h1>\n<p>[\/et_pb_text][et_pb_gallery gallery_ids=\u00bb283,289,292,294,298,299,302,303,308,310,311,315,316,318,319,320,321,322,323,324,325,326,327,328,329,330,333,334,342,344,345,347,348,349,352,353,356,358,361,363,365,366,368,369,286,396&#8243; posts_number=\u00bb100&#8243; show_title_and_caption=\u00bboff\u00bb show_pagination=\u00bboff\u00bb _builder_version=\u00bb4.22.1&#8243; _module_preset=\u00bbdefault\u00bb global_colors_info=\u00bb{}\u00bb][\/et_pb_gallery][\/et_pb_column][\/et_pb_row][\/et_pb_section]<\/p>\n","protected":false},"excerpt":{"rendered":"<p>\u00bfQU\u00c9 ES E-Blackboard?\u00a1Bienvenidos a la revoluci\u00f3n educativa con la 6\u00aa Generaci\u00f3n de e-Blackboard! Imagina un mundo donde la elegancia y la tecnolog\u00eda se fusionan en una experiencia de aprendizaje \u00fanica. Presentamos E-Blackboard, un panel de 4 metros de pureza y sofisticaci\u00f3n que redefine c\u00f3mo ense\u00f1amos y presentamos. \u00bfListo para descubrir la magia? \ud83c\udfa8 Creatividad sin [&hellip;]<\/p>\n","protected":false},"author":1,"featured_media":0,"parent":0,"menu_order":0,"comment_status":"closed","ping_status":"closed","template":"","meta":{"_et_pb_use_builder":"on","_et_pb_old_content":"","_et_gb_content_width":"","footnotes":""},"class_list":["post-108","page","type-page","status-publish","hentry"],"_links":{"self":[{"href":"https:\/\/e-blackboard.es\/index.php?rest_route=\/wp\/v2\/pages\/108","targetHints":{"allow":["GET"]}}],"collection":[{"href":"https:\/\/e-blackboard.es\/index.php?rest_route=\/wp\/v2\/pages"}],"about":[{"href":"https:\/\/e-blackboard.es\/index.php?rest_route=\/wp\/v2\/types\/page"}],"author":[{"embeddable":true,"href":"https:\/\/e-blackboard.es\/index.php?rest_route=\/wp\/v2\/users\/1"}],"replies":[{"embeddable":true,"href":"https:\/\/e-blackboard.es\/index.php?rest_route=%2Fwp%2Fv2%2Fcomments&post=108"}],"version-history":[{"count":45,"href":"https:\/\/e-blackboard.es\/index.php?rest_route=\/wp\/v2\/pages\/108\/revisions"}],"predecessor-version":[{"id":505,"href":"https:\/\/e-blackboard.es\/index.php?rest_route=\/wp\/v2\/pages\/108\/revisions\/505"}],"wp:attachment":[{"href":"https:\/\/e-blackboard.es\/index.php?rest_route=%2Fwp%2Fv2%2Fmedia&parent=108"}],"curies":[{"name":"wp","href":"https:\/\/api.w.org\/{rel}","templated":true}]}}