{"id":134,"date":"2023-06-23T07:12:28","date_gmt":"2023-06-23T07:12:28","guid":{"rendered":"https:\/\/e-blackboard.es\/?page_id=134"},"modified":"2023-08-30T07:37:41","modified_gmt":"2023-08-30T07:37:41","slug":"tipos-de-e-blackboard","status":"publish","type":"page","link":"https:\/\/e-blackboard.es\/?page_id=134","title":{"rendered":"TIPOS DE E-BLACKBOARD"},"content":{"rendered":"<p>[et_pb_section fb_built=\u00bb1&#8243; admin_label=\u00bbHeader\u00bb _builder_version=\u00bb4.19.5&#8243; _module_preset=\u00bbdefault\u00bb background_color=\u00bbgcid-9ae412ef-a7ae-42a5-ab5b-f691fccab059&#8243; use_background_color_gradient=\u00bbon\u00bb background_color_gradient_stops=\u00bbrgba(9,9,21,0) 0%|gcid-9ae412ef-a7ae-42a5-ab5b-f691fccab059 100%\u00bb background_color_gradient_overlays_image=\u00bbon\u00bb background_image=\u00bbhttps:\/\/e-blackboard.es\/wp-content\/uploads\/2023\/08\/financial-technology-36-scaled.jpg\u00bb background_size=\u00bbinitial\u00bb background_position=\u00bbtop_center\u00bb background_enable_pattern_style=\u00bbon\u00bb background_pattern_style=\u00bbscallops\u00bb background_pattern_color=\u00bbrgba(0,0,0,0.6)\u00bb background_pattern_size=\u00bbcustom\u00bb background_pattern_width=\u00bb8px\u00bb collapsed=\u00bboff\u00bb global_colors_info=\u00bb{%22gcid-9ae412ef-a7ae-42a5-ab5b-f691fccab059%22:%91%22background_color%22,%22background_color_gradient_stops%22%93}\u00bb][et_pb_row _builder_version=\u00bb4.19.2&#8243; _module_preset=\u00bbdefault\u00bb max_width=\u00bb964px\u00bb custom_padding=\u00bb|||0px||\u00bb global_colors_info=\u00bb{}\u00bb][et_pb_column type=\u00bb4_4&#8243; _builder_version=\u00bb4.19.2&#8243; _module_preset=\u00bbdefault\u00bb global_colors_info=\u00bb{}\u00bb][et_pb_text _builder_version=\u00bb4.22.1&#8243; _module_preset=\u00bbb3e8be02-eedc-43f9-9511-6d48bc7fcda7&#8243; text_orientation=\u00bbcenter\u00bb custom_margin=\u00bb||10px||false|false\u00bb custom_padding=\u00bb|0px||||\u00bb hover_enabled=\u00bb0&#8243; global_colors_info=\u00bb{}\u00bb sticky_enabled=\u00bb0&#8243;]<\/p>\n<h1>TIPOS DE E-BLACKBOARD<\/h1>\n<p>[\/et_pb_text][et_pb_text admin_label=\u00bbTexto\u00bb _builder_version=\u00bb4.22.1&#8243; _module_preset=\u00bbfbea52de-53e9-4814-9567-4cafd9afce94&#8243; text_orientation=\u00bbcenter\u00bb hover_enabled=\u00bb0&#8243; global_colors_info=\u00bb{}\u00bb sticky_enabled=\u00bb0&#8243;]<\/p>\n<p style=\"text-align: justify;\">\u00a1Da un salto hacia el futuro de la educaci\u00f3n y la colaboraci\u00f3n con E-Blackboard, la revoluci\u00f3n tecnol\u00f3gica que est\u00e1 transformando la manera en que ense\u00f1amos y trabajamos juntos!<\/p>\n<p style=\"text-align: center;\">\ud83c\udf1f <strong>Diversidad de opciones para tus necesidades<\/strong> \ud83c\udf1f<\/p>\n<p style=\"text-align: justify;\">No todas las necesidades son iguales, por eso ofrecemos tres variantes de E-Blackboard para que elijas lo que mejor se adapte a tu estilo y espacio:<\/p>\n<p style=\"text-align: justify;\">[\/et_pb_text][\/et_pb_column][\/et_pb_row][et_pb_row _builder_version=\u00bb4.22.1&#8243; _module_preset=\u00bbdefault\u00bb column_structure=\u00bb1_3,2_3&#8243;][et_pb_column _builder_version=\u00bb4.22.1&#8243; _module_preset=\u00bbdefault\u00bb type=\u00bb1_3&#8243;][et_pb_text admin_label=\u00bbTexto\u00bb _builder_version=\u00bb4.22.1&#8243; _module_preset=\u00bbfbea52de-53e9-4814-9567-4cafd9afce94&#8243; text_orientation=\u00bbcenter\u00bb hover_enabled=\u00bb0&#8243; global_colors_info=\u00bb{}\u00bb sticky_enabled=\u00bb0&#8243;]<\/p>\n<p style=\"text-align: center;\"><strong>1. E-Blackboard de 4 Metros:<\/strong><\/p>\n<p style=\"text-align: justify;\">Una obra maestra de 4 metros que combina un asombroso panel t\u00e1ctil de 75, 86 o 98 pulgadas con una pizarra adicional de 1m a cada lado. Desde proyecciones n\u00edtidas de tu PC, Android (incorporado) o el opcional OPS, hasta una pizarra negra libre de distracciones para desatar tu creatividad, \u00a1este modelo lo tiene todo!<\/p>\n<p style=\"text-align: justify;\">[\/et_pb_text][\/et_pb_column][et_pb_column _builder_version=\u00bb4.22.1&#8243; _module_preset=\u00bbdefault\u00bb type=\u00bb2_3&#8243;][et_pb_image src=\u00bbhttps:\/\/e-blackboard.es\/wp-content\/uploads\/2023\/08\/1.png\u00bb title_text=\u00bb1&#8243; _builder_version=\u00bb4.22.1&#8243; _module_preset=\u00bbdefault\u00bb background_color=\u00bbRGBA(255,255,255,0)\u00bb module_alignment=\u00bbcenter\u00bb global_colors_info=\u00bb{}\u00bb][\/et_pb_image][\/et_pb_column][\/et_pb_row][et_pb_row _builder_version=\u00bb4.22.1&#8243; _module_preset=\u00bbdefault\u00bb column_structure=\u00bb1_3,2_3&#8243;][et_pb_column _builder_version=\u00bb4.22.1&#8243; _module_preset=\u00bbdefault\u00bb type=\u00bb1_3&#8243;][et_pb_text admin_label=\u00bbTexto\u00bb _builder_version=\u00bb4.22.1&#8243; _module_preset=\u00bbfbea52de-53e9-4814-9567-4cafd9afce94&#8243; text_orientation=\u00bbcenter\u00bb global_colors_info=\u00bb{}\u00bb]<\/p>\n<p style=\"text-align: center;\"><strong>2. E-Blackboard Compact:<\/strong><\/p>\n<p style=\"text-align: justify;\">Dise\u00f1ada para espacios reducidos, esta versi\u00f3n de aproximadamente 2 metros ofrece un monitor interactivo de 75, 86 o 98 pulgadas, esta vez sin laterales pasivos o si lo prefieres, puedes apagar la pantalla para tener una pizarra tradicional donde podr\u00e1s escribir con tiza l\u00edquida o tiza de yeso.<\/p>\n<p style=\"text-align: justify;\">[\/et_pb_text][\/et_pb_column][et_pb_column _builder_version=\u00bb4.22.1&#8243; _module_preset=\u00bbdefault\u00bb type=\u00bb2_3&#8243;][et_pb_image src=\u00bbhttps:\/\/e-blackboard.es\/wp-content\/uploads\/2023\/08\/meeting-room1.png\u00bb title_text=\u00bbmeeting room1&#8243; align=\u00bbcenter\u00bb _builder_version=\u00bb4.22.1&#8243; _module_preset=\u00bbdefault\u00bb global_colors_info=\u00bb{}\u00bb][\/et_pb_image][\/et_pb_column][\/et_pb_row][et_pb_row _builder_version=\u00bb4.22.1&#8243; _module_preset=\u00bbdefault\u00bb][et_pb_column _builder_version=\u00bb4.22.1&#8243; _module_preset=\u00bbdefault\u00bb type=\u00bb4_4&#8243;][et_pb_text admin_label=\u00bbTexto\u00bb _builder_version=\u00bb4.22.1&#8243; _module_preset=\u00bbfbea52de-53e9-4814-9567-4cafd9afce94&#8243; text_orientation=\u00bbcenter\u00bb global_colors_info=\u00bb{}\u00bb]<\/p>\n<p style=\"text-align: center;\"><strong>3. E-Blackboard Personalizable:<\/strong><\/p>\n<p style=\"text-align: justify;\">Tu imaginaci\u00f3n no tiene l\u00edmites. Elige entre opciones como el elegante dise\u00f1o en blanco, un emocionante doble monitor interactivo que te brinda un enorme lienzo de hasta 4 metros, o personalizaciones \u00fanicas adaptadas a tu estilo y espacio.<\/p>\n<p>[\/et_pb_text][\/et_pb_column][\/et_pb_row][et_pb_row _builder_version=\u00bb4.22.1&#8243; _module_preset=\u00bbdefault\u00bb column_structure=\u00bb1_3,1_3,1_3&#8243;][et_pb_column _builder_version=\u00bb4.22.1&#8243; _module_preset=\u00bbdefault\u00bb type=\u00bb1_3&#8243;][et_pb_image src=\u00bbhttps:\/\/e-blackboard.es\/wp-content\/uploads\/2023\/08\/5e1bd43be1c3d.png\u00bb title_text=\u00bb5e1bd43be1c3d\u00bb align=\u00bbcenter\u00bb _builder_version=\u00bb4.22.1&#8243; _module_preset=\u00bbdefault\u00bb hover_enabled=\u00bb0&#8243; global_colors_info=\u00bb{}\u00bb sticky_enabled=\u00bb0&#8243; module_alignment_last_edited=\u00bboff|desktop\u00bb][\/et_pb_image][\/et_pb_column][et_pb_column _builder_version=\u00bb4.22.1&#8243; _module_preset=\u00bbdefault\u00bb type=\u00bb1_3&#8243;][et_pb_image src=\u00bbhttps:\/\/e-blackboard.es\/wp-content\/uploads\/2023\/08\/jyhb.png\u00bb title_text=\u00bbjyhb\u00bb align=\u00bbcenter\u00bb _builder_version=\u00bb4.22.1&#8243; _module_preset=\u00bbdefault\u00bb module_alignment=\u00bbcenter\u00bb global_colors_info=\u00bb{}\u00bb][\/et_pb_image][\/et_pb_column][et_pb_column _builder_version=\u00bb4.22.1&#8243; _module_preset=\u00bbdefault\u00bb type=\u00bb1_3&#8243;][et_pb_image src=\u00bbhttps:\/\/e-blackboard.es\/wp-content\/uploads\/2023\/08\/Captura-de-pantalla-2023-08-29-155728.png\u00bb title_text=\u00bbCaptura de pantalla 2023-08-29 155728&#8243; align=\u00bbcenter\u00bb _builder_version=\u00bb4.22.1&#8243; _module_preset=\u00bbdefault\u00bb background_color=\u00bb#000000&#8243; global_colors_info=\u00bb{}\u00bb][\/et_pb_image][\/et_pb_column][\/et_pb_row][\/et_pb_section]<\/p>\n","protected":false},"excerpt":{"rendered":"<p>TIPOS DE E-BLACKBOARD\u00a1Da un salto hacia el futuro de la educaci\u00f3n y la colaboraci\u00f3n con E-Blackboard, la revoluci\u00f3n tecnol\u00f3gica que est\u00e1 transformando la manera en que ense\u00f1amos y trabajamos juntos! \ud83c\udf1f Diversidad de opciones para tus necesidades \ud83c\udf1f No todas las necesidades son iguales, por eso ofrecemos tres variantes de E-Blackboard para que elijas lo [&hellip;]<\/p>\n","protected":false},"author":1,"featured_media":0,"parent":0,"menu_order":0,"comment_status":"closed","ping_status":"closed","template":"","meta":{"_et_pb_use_builder":"on","_et_pb_old_content":"","_et_gb_content_width":"","footnotes":""},"class_list":["post-134","page","type-page","status-publish","hentry"],"_links":{"self":[{"href":"https:\/\/e-blackboard.es\/index.php?rest_route=\/wp\/v2\/pages\/134","targetHints":{"allow":["GET"]}}],"collection":[{"href":"https:\/\/e-blackboard.es\/index.php?rest_route=\/wp\/v2\/pages"}],"about":[{"href":"https:\/\/e-blackboard.es\/index.php?rest_route=\/wp\/v2\/types\/page"}],"author":[{"embeddable":true,"href":"https:\/\/e-blackboard.es\/index.php?rest_route=\/wp\/v2\/users\/1"}],"replies":[{"embeddable":true,"href":"https:\/\/e-blackboard.es\/index.php?rest_route=%2Fwp%2Fv2%2Fcomments&post=134"}],"version-history":[{"count":27,"href":"https:\/\/e-blackboard.es\/index.php?rest_route=\/wp\/v2\/pages\/134\/revisions"}],"predecessor-version":[{"id":494,"href":"https:\/\/e-blackboard.es\/index.php?rest_route=\/wp\/v2\/pages\/134\/revisions\/494"}],"wp:attachment":[{"href":"https:\/\/e-blackboard.es\/index.php?rest_route=%2Fwp%2Fv2%2Fmedia&parent=134"}],"curies":[{"name":"wp","href":"https:\/\/api.w.org\/{rel}","templated":true}]}}