{"id":196,"date":"2023-08-21T14:06:20","date_gmt":"2023-08-21T14:06:20","guid":{"rendered":"https:\/\/e-blackboard.es\/?page_id=196"},"modified":"2023-09-01T07:05:58","modified_gmt":"2023-09-01T07:05:58","slug":"contacto","status":"publish","type":"page","link":"https:\/\/e-blackboard.es\/?page_id=196","title":{"rendered":"CONTACTO"},"content":{"rendered":"<p>[et_pb_section fb_built=\u00bb1&#8243; admin_label=\u00bbHeader\u00bb _builder_version=\u00bb4.19.5&#8243; _module_preset=\u00bbdefault\u00bb background_color=\u00bbgcid-9ae412ef-a7ae-42a5-ab5b-f691fccab059&#8243; use_background_color_gradient=\u00bbon\u00bb background_color_gradient_stops=\u00bbrgba(9,9,21,0) 0%|gcid-9ae412ef-a7ae-42a5-ab5b-f691fccab059 60%\u00bb background_color_gradient_overlays_image=\u00bbon\u00bb background_image=\u00bbhttps:\/\/e-blackboard.es\/wp-content\/uploads\/2023\/08\/financial-technology-29f-scaled.jpg\u00bb background_size=\u00bbinitial\u00bb background_position=\u00bbtop_center\u00bb background_enable_pattern_style=\u00bbon\u00bb background_pattern_style=\u00bbscallops\u00bb background_pattern_color=\u00bbrgba(0,0,0,0.6)\u00bb background_pattern_size=\u00bbcustom\u00bb background_pattern_width=\u00bb8px\u00bb collapsed=\u00bboff\u00bb global_colors_info=\u00bb{%22gcid-9ae412ef-a7ae-42a5-ab5b-f691fccab059%22:%91%22background_color%22,%22background_color_gradient_stops%22%93}\u00bb][et_pb_row _builder_version=\u00bb4.19.2&#8243; _module_preset=\u00bbdefault\u00bb width=\u00bb100%\u00bb global_colors_info=\u00bb{}\u00bb][et_pb_column type=\u00bb4_4&#8243; _builder_version=\u00bb4.19.2&#8243; _module_preset=\u00bbdefault\u00bb global_colors_info=\u00bb{}\u00bb][et_pb_text _builder_version=\u00bb4.21.0&#8243; _module_preset=\u00bb15f1b130-a96c-49fe-86b7-f8d51ce5b7a1&#8243; custom_margin=\u00bb||10px||false|false\u00bb global_colors_info=\u00bb{}\u00bb]<\/p>\n<h1 style=\"text-align: center;\">Cont\u00e1ctanos<\/h1>\n<p>[\/et_pb_text][et_pb_text _builder_version=\u00bb4.22.1&#8243; _module_preset=\u00bbc471d292-2af2-4016-a4a1-ba2b28792317&#8243; custom_padding=\u00bb45px||0px|||\u00bb global_colors_info=\u00bb{}\u00bb]<\/p>\n<p style=\"text-align: center;\">\u00a1Tu b\u00fasqueda de soluciones termina aqu\u00ed, en <strong>UNIVECS<\/strong>!<\/p>\n<p style=\"text-align: justify;\">Estamos listos y emocionados por ayudarte en cada paso del camino. Si tienes preguntas que necesitan respuestas o si est\u00e1s buscando el presupuesto perfecto, no dudes en ponerte en contacto con nosotros. En UNIVECS, entendemos que cada problema merece una soluci\u00f3n excepcional, y estamos comprometidos a ofrecerte exactamente eso.<\/p>\n<p style=\"text-align: justify;\">Nuestro equipo de expertos est\u00e1 a tu disposici\u00f3n para abordar tus inquietudes con la m\u00e1xima diligencia. Desde el momento en que nos contactas, te aseguramos que recibir\u00e1s una atenci\u00f3n r\u00e1pida y personalizada. Nuestro objetivo es comprender tus necesidades a fondo para ofrecerte la mejor soluci\u00f3n a la mayor brevedad posible.<\/p>\n<p style=\"text-align: justify;\">\u00a1No esperes m\u00e1s! Tu pr\u00f3ximo paso hacia la resoluci\u00f3n est\u00e1 a solo un mensaje o una llamada de distancia. Te esperamos en UNIVECS para ser tu socio en la b\u00fasqueda de soluciones. Cont\u00e1ctanos ahora y descubre c\u00f3mo podemos hacer que tus problemas se conviertan en oportunidades de \u00e9xito.<\/p>\n<p>[\/et_pb_text][\/et_pb_column][\/et_pb_row][et_pb_row column_structure=\u00bb1_2,1_2&#8243; _builder_version=\u00bb4.19.2&#8243; _module_preset=\u00bbdefault\u00bb saved_tabs=\u00bball\u00bb locked=\u00bboff\u00bb global_colors_info=\u00bb{}\u00bb][et_pb_column type=\u00bb1_2&#8243; _builder_version=\u00bb4.19.2&#8243; _module_preset=\u00bbdefault\u00bb use_background_color_gradient=\u00bbon\u00bb background_color_gradient_direction=\u00bb210deg\u00bb background_color_gradient_stops=\u00bbrgba(255,255,255,0.1) 20%|rgba(255,255,255,0) 70%\u00bb custom_padding=\u00bb30px|30px|30px|30px|true|true\u00bb custom_padding_tablet=\u00bb30px|30px|30px|30px|true|true\u00bb custom_padding_phone=\u00bb20px|20px|20px|20px|true|true\u00bb custom_padding_last_edited=\u00bbon|desktop\u00bb border_radii=\u00bbon|30px|30px|30px|30px\u00bb box_shadow_style=\u00bbpreset4&#8243; box_shadow_horizontal=\u00bb50px\u00bb box_shadow_vertical=\u00bb-50px\u00bb box_shadow_blur=\u00bb80px\u00bb box_shadow_color=\u00bbrgba(9,9,21,0.35)\u00bb global_colors_info=\u00bb{}\u00bb][et_pb_blurb _builder_version=\u00bb4.21.0&#8243; _module_preset=\u00bbfcae12ee-26f6-4f18-9ccf-f2873de9a960&#8243; custom_margin=\u00bb||0px||false|false\u00bb locked=\u00bboff\u00bb global_colors_info=\u00bb{}\u00bb][\/et_pb_blurb][et_pb_text _builder_version=\u00bb4.22.1&#8243; _module_preset=\u00bba0c70bb8-db56-4962-8666-3e7c52c27e45&#8243; custom_margin=\u00bb||0px||false|false\u00bb global_colors_info=\u00bb{}\u00bb]<\/p>\n<h4 style=\"text-align: center;\">Informaci\u00f3n.<\/h4>\n<p>[\/et_pb_text][et_pb_text _builder_version=\u00bb4.19.2&#8243; _module_preset=\u00bbc471d292-2af2-4016-a4a1-ba2b28792317&#8243; global_colors_info=\u00bb{}\u00bb]<\/p>\n<p>Calle Alerce 9 Local 1 , 28041 Madrid, Espa\u00f1a<\/p>\n<p>Tel\u00e9fono: 91 693 99 87 \u2013 645 296 845<\/p>\n<p>[\/et_pb_text][et_pb_text _builder_version=\u00bb4.19.2&#8243; _module_preset=\u00bbe6fe7d16-7b4a-423d-b467-795f47f906c0&#8243; global_colors_info=\u00bb{}\u00bb]<\/p>\n<p>E-mail de contacto:\u00a0 dto.comercial@univecs.es<\/p>\n<p>[\/et_pb_text][et_pb_text _builder_version=\u00bb4.22.1&#8243; _module_preset=\u00bbe6fe7d16-7b4a-423d-b467-795f47f906c0&#8243; global_colors_info=\u00bb{}\u00bb]<\/p>\n<p>P\u00e1gina Web: <a href=\"https:\/\/univecs.es\/\" target=\"_blank\" rel=\"noopener\">https:\/\/univecs.es\/<\/a><\/p>\n<p>[\/et_pb_text][\/et_pb_column][et_pb_column type=\u00bb1_2&#8243; _builder_version=\u00bb4.19.2&#8243; _module_preset=\u00bbdefault\u00bb use_background_color_gradient=\u00bbon\u00bb background_color_gradient_direction=\u00bb210deg\u00bb background_color_gradient_stops=\u00bbrgba(255,255,255,0.1) 20%|rgba(255,255,255,0) 70%\u00bb custom_padding=\u00bb30px|30px|30px|30px|true|true\u00bb custom_padding_tablet=\u00bb30px|30px|30px|30px|true|true\u00bb custom_padding_phone=\u00bb20px|20px|20px|20px|true|true\u00bb custom_padding_last_edited=\u00bbon|desktop\u00bb border_radii=\u00bbon|30px|30px|30px|30px\u00bb box_shadow_style=\u00bbpreset4&#8243; box_shadow_horizontal=\u00bb50px\u00bb box_shadow_vertical=\u00bb-50px\u00bb box_shadow_blur=\u00bb80px\u00bb box_shadow_color=\u00bbrgba(9,9,21,0.35)\u00bb global_colors_info=\u00bb{}\u00bb][et_pb_text _builder_version=\u00bb4.22.1&#8243; _module_preset=\u00bba0c70bb8-db56-4962-8666-3e7c52c27e45&#8243; custom_margin=\u00bb||0px||false|false\u00bb locked=\u00bboff\u00bb global_colors_info=\u00bb{}\u00bb]<\/p>\n<h4 style=\"text-align: center;\">Redes sociales.<\/h4>\n<p>[\/et_pb_text][et_pb_social_media_follow use_icon_font_size=\u00bbon\u00bb _builder_version=\u00bb4.22.1&#8243; _module_preset=\u00bbdefault\u00bb text_orientation=\u00bbcenter\u00bb global_colors_info=\u00bb{}\u00bb][et_pb_social_media_follow_network social_network=\u00bbfacebook\u00bb url=\u00bbhttps:\/\/www.facebook.com\/Univecs\/\u00bb _builder_version=\u00bb4.22.1&#8243; _module_preset=\u00bbdefault\u00bb background_color=\u00bb#3b5998&#8243; global_colors_info=\u00bb{}\u00bb follow_button=\u00bboff\u00bb url_new_window=\u00bbon\u00bb]facebook[\/et_pb_social_media_follow_network][et_pb_social_media_follow_network social_network=\u00bbtwitter\u00bb url=\u00bbhttps:\/\/twitter.com\/univecs?lang=es\u00bb _builder_version=\u00bb4.22.1&#8243; _module_preset=\u00bbdefault\u00bb background_color=\u00bb#00aced\u00bb global_colors_info=\u00bb{}\u00bb follow_button=\u00bboff\u00bb url_new_window=\u00bbon\u00bb]twitter[\/et_pb_social_media_follow_network][et_pb_social_media_follow_network social_network=\u00bbinstagram\u00bb url=\u00bbhttps:\/\/www.instagram.com\/univecs\/\u00bb _builder_version=\u00bb4.22.1&#8243; _module_preset=\u00bbdefault\u00bb background_color=\u00bb#ea2c59&#8243; global_colors_info=\u00bb{}\u00bb follow_button=\u00bboff\u00bb url_new_window=\u00bbon\u00bb]instagram[\/et_pb_social_media_follow_network][\/et_pb_social_media_follow][\/et_pb_column][\/et_pb_row][et_pb_row custom_padding_last_edited=\u00bbon|tablet\u00bb _builder_version=\u00bb4.21.0&#8243; _module_preset=\u00bbdefault\u00bb use_background_color_gradient=\u00bbon\u00bb background_color_gradient_direction=\u00bb90deg\u00bb background_color_gradient_stops=\u00bb#f2f2ff 0%|#d7d7f4 100%\u00bb custom_margin=\u00bb60px||||false|false\u00bb custom_padding=\u00bb80px|80px|80px|80px|true|true\u00bb custom_padding_tablet=\u00bb40px|40px|40px|40px|true|true\u00bb custom_padding_phone=\u00bb30px|30px|30px|30px|true|true\u00bb border_radii=\u00bbon|4vw|4vw|4vw|4vw\u00bb locked=\u00bboff\u00bb global_colors_info=\u00bb{}\u00bb][et_pb_column type=\u00bb4_4&#8243; _builder_version=\u00bb4.19.2&#8243; _module_preset=\u00bbdefault\u00bb global_colors_info=\u00bb{}\u00bb][et_pb_contact_form captcha=\u00bboff\u00bb email=\u00bbdto.comercial@univecs.es\u00bb title=\u00bbCONTACTO\u00bb custom_message=\u00bb\u00a1Has recibido un mensaje de la p\u00e1gina de E-Blackboard! \u00a1Ati\u00e9ndelo cuanto antes!||et_pb_line_break_holder||||et_pb_line_break_holder||Te ha escrito %%Nombre%% %%Apellidos%% con el tel\u00e9fono %%Telefono%% y con el correo electr\u00f3nico %%Correo%%||et_pb_line_break_holder||||et_pb_line_break_holder||Te ha a\u00f1adido el mensaje de: %%Mensaje%%\u00bb success_message=\u00bbMuchas gracias por tu mensaje, en breve le responderemos.\u00bb _builder_version=\u00bb4.22.1&#8243; _module_preset=\u00bb8fc9df49-91c5-41d0-ab00-6c545bbccd6f\u00bb form_field_font_size=\u00bb14px\u00bb button_icon=\u00bb&#xf061;||fa||900&#8243; hover_enabled=\u00bb0&#8243; locked=\u00bboff\u00bb global_colors_info=\u00bb{}\u00bb sticky_enabled=\u00bb0&#8243;][et_pb_contact_field field_id=\u00bbNombre\u00bb field_title=\u00bbNombre\u00bb _builder_version=\u00bb4.22.1&#8243; _module_preset=\u00bbdefault\u00bb hover_enabled=\u00bb0&#8243; global_colors_info=\u00bb{}\u00bb button_text_size__hover_enabled=\u00bboff\u00bb button_one_text_size__hover_enabled=\u00bboff\u00bb button_two_text_size__hover_enabled=\u00bboff\u00bb button_text_color__hover_enabled=\u00bboff\u00bb button_one_text_color__hover_enabled=\u00bboff\u00bb button_two_text_color__hover_enabled=\u00bboff\u00bb button_border_width__hover_enabled=\u00bboff\u00bb button_one_border_width__hover_enabled=\u00bboff\u00bb button_two_border_width__hover_enabled=\u00bboff\u00bb button_border_color__hover_enabled=\u00bboff\u00bb button_one_border_color__hover_enabled=\u00bboff\u00bb button_two_border_color__hover_enabled=\u00bboff\u00bb button_border_radius__hover_enabled=\u00bboff\u00bb button_one_border_radius__hover_enabled=\u00bboff\u00bb button_two_border_radius__hover_enabled=\u00bboff\u00bb button_letter_spacing__hover_enabled=\u00bboff\u00bb button_one_letter_spacing__hover_enabled=\u00bboff\u00bb button_two_letter_spacing__hover_enabled=\u00bboff\u00bb button_bg_color__hover_enabled=\u00bboff\u00bb button_one_bg_color__hover_enabled=\u00bboff\u00bb button_two_bg_color__hover_enabled=\u00bboff\u00bb sticky_enabled=\u00bb0&#8243;][\/et_pb_contact_field][et_pb_contact_field field_id=\u00bbApellidos\u00bb field_title=\u00bbApellidos\u00bb _builder_version=\u00bb4.22.1&#8243; _module_preset=\u00bbdefault\u00bb hover_enabled=\u00bb0&#8243; global_colors_info=\u00bb{}\u00bb sticky_enabled=\u00bb0&#8243;][\/et_pb_contact_field][et_pb_contact_field field_id=\u00bbCorreo\u00bb field_title=\u00bbCorreo electr\u00f3nico\u00bb field_type=\u00bbemail\u00bb _builder_version=\u00bb4.22.1&#8243; _module_preset=\u00bbdefault\u00bb hover_enabled=\u00bb0&#8243; global_colors_info=\u00bb{}\u00bb button_text_size__hover_enabled=\u00bboff\u00bb button_one_text_size__hover_enabled=\u00bboff\u00bb button_two_text_size__hover_enabled=\u00bboff\u00bb button_text_color__hover_enabled=\u00bboff\u00bb button_one_text_color__hover_enabled=\u00bboff\u00bb button_two_text_color__hover_enabled=\u00bboff\u00bb button_border_width__hover_enabled=\u00bboff\u00bb button_one_border_width__hover_enabled=\u00bboff\u00bb button_two_border_width__hover_enabled=\u00bboff\u00bb button_border_color__hover_enabled=\u00bboff\u00bb button_one_border_color__hover_enabled=\u00bboff\u00bb button_two_border_color__hover_enabled=\u00bboff\u00bb button_border_radius__hover_enabled=\u00bboff\u00bb button_one_border_radius__hover_enabled=\u00bboff\u00bb button_two_border_radius__hover_enabled=\u00bboff\u00bb button_letter_spacing__hover_enabled=\u00bboff\u00bb button_one_letter_spacing__hover_enabled=\u00bboff\u00bb button_two_letter_spacing__hover_enabled=\u00bboff\u00bb button_bg_color__hover_enabled=\u00bboff\u00bb button_one_bg_color__hover_enabled=\u00bboff\u00bb button_two_bg_color__hover_enabled=\u00bboff\u00bb sticky_enabled=\u00bb0&#8243;][\/et_pb_contact_field][et_pb_contact_field field_id=\u00bbTelefono\u00bb field_title=\u00bbTel\u00e9fono\u00bb _builder_version=\u00bb4.22.1&#8243; _module_preset=\u00bbdefault\u00bb hover_enabled=\u00bb0&#8243; global_colors_info=\u00bb{}\u00bb sticky_enabled=\u00bb0&#8243;][\/et_pb_contact_field][et_pb_contact_field field_id=\u00bbMensaje\u00bb field_title=\u00bbEscribe aqu\u00ed\u00bb field_type=\u00bbtext\u00bb fullwidth_field=\u00bbon\u00bb _builder_version=\u00bb4.22.1&#8243; _module_preset=\u00bbdefault\u00bb hover_enabled=\u00bb0&#8243; global_colors_info=\u00bb{}\u00bb button_text_size__hover_enabled=\u00bboff\u00bb button_one_text_size__hover_enabled=\u00bboff\u00bb button_two_text_size__hover_enabled=\u00bboff\u00bb button_text_color__hover_enabled=\u00bboff\u00bb button_one_text_color__hover_enabled=\u00bboff\u00bb button_two_text_color__hover_enabled=\u00bboff\u00bb button_border_width__hover_enabled=\u00bboff\u00bb button_one_border_width__hover_enabled=\u00bboff\u00bb button_two_border_width__hover_enabled=\u00bboff\u00bb button_border_color__hover_enabled=\u00bboff\u00bb button_one_border_color__hover_enabled=\u00bboff\u00bb button_two_border_color__hover_enabled=\u00bboff\u00bb button_border_radius__hover_enabled=\u00bboff\u00bb button_one_border_radius__hover_enabled=\u00bboff\u00bb button_two_border_radius__hover_enabled=\u00bboff\u00bb button_letter_spacing__hover_enabled=\u00bboff\u00bb button_one_letter_spacing__hover_enabled=\u00bboff\u00bb button_two_letter_spacing__hover_enabled=\u00bboff\u00bb button_bg_color__hover_enabled=\u00bboff\u00bb button_one_bg_color__hover_enabled=\u00bboff\u00bb button_two_bg_color__hover_enabled=\u00bboff\u00bb required_mark=\u00bboff\u00bb sticky_enabled=\u00bb0&#8243;][\/et_pb_contact_field][\/et_pb_contact_form][\/et_pb_column][\/et_pb_row][\/et_pb_section]<\/p>\n","protected":false},"excerpt":{"rendered":"<p>Cont\u00e1ctanos\u00a1Tu b\u00fasqueda de soluciones termina aqu\u00ed, en UNIVECS! Estamos listos y emocionados por ayudarte en cada paso del camino. Si tienes preguntas que necesitan respuestas o si est\u00e1s buscando el presupuesto perfecto, no dudes en ponerte en contacto con nosotros. En UNIVECS, entendemos que cada problema merece una soluci\u00f3n excepcional, y estamos comprometidos a ofrecerte [&hellip;]<\/p>\n","protected":false},"author":1,"featured_media":0,"parent":0,"menu_order":0,"comment_status":"closed","ping_status":"closed","template":"","meta":{"_et_pb_use_builder":"on","_et_pb_old_content":"","_et_gb_content_width":"","footnotes":""},"class_list":["post-196","page","type-page","status-publish","hentry"],"_links":{"self":[{"href":"https:\/\/e-blackboard.es\/index.php?rest_route=\/wp\/v2\/pages\/196","targetHints":{"allow":["GET"]}}],"collection":[{"href":"https:\/\/e-blackboard.es\/index.php?rest_route=\/wp\/v2\/pages"}],"about":[{"href":"https:\/\/e-blackboard.es\/index.php?rest_route=\/wp\/v2\/types\/page"}],"author":[{"embeddable":true,"href":"https:\/\/e-blackboard.es\/index.php?rest_route=\/wp\/v2\/users\/1"}],"replies":[{"embeddable":true,"href":"https:\/\/e-blackboard.es\/index.php?rest_route=%2Fwp%2Fv2%2Fcomments&post=196"}],"version-history":[{"count":25,"href":"https:\/\/e-blackboard.es\/index.php?rest_route=\/wp\/v2\/pages\/196\/revisions"}],"predecessor-version":[{"id":503,"href":"https:\/\/e-blackboard.es\/index.php?rest_route=\/wp\/v2\/pages\/196\/revisions\/503"}],"wp:attachment":[{"href":"https:\/\/e-blackboard.es\/index.php?rest_route=%2Fwp%2Fv2%2Fmedia&parent=196"}],"curies":[{"name":"wp","href":"https:\/\/api.w.org\/{rel}","templated":true}]}}