{"id":448,"date":"2023-08-29T07:24:32","date_gmt":"2023-08-29T07:24:32","guid":{"rendered":"https:\/\/e-blackboard.es\/?page_id=448"},"modified":"2023-08-30T07:49:42","modified_gmt":"2023-08-30T07:49:42","slug":"448-2","status":"publish","type":"page","link":"https:\/\/e-blackboard.es\/?page_id=448","title":{"rendered":"CARACTER\u00cdSTICAS"},"content":{"rendered":"<p>[et_pb_section fb_built=\u00bb1&#8243; admin_label=\u00bbHeader\u00bb _builder_version=\u00bb4.19.5&#8243; _module_preset=\u00bbdefault\u00bb background_color=\u00bbgcid-9ae412ef-a7ae-42a5-ab5b-f691fccab059&#8243; use_background_color_gradient=\u00bbon\u00bb background_color_gradient_stops=\u00bbrgba(9,9,21,0) 0%|gcid-9ae412ef-a7ae-42a5-ab5b-f691fccab059 100%\u00bb background_color_gradient_overlays_image=\u00bbon\u00bb background_image=\u00bbhttps:\/\/e-blackboard.es\/wp-content\/uploads\/2023\/08\/financial-technology-36-scaled.jpg\u00bb background_size=\u00bbinitial\u00bb background_position=\u00bbtop_center\u00bb background_enable_pattern_style=\u00bbon\u00bb background_pattern_style=\u00bbscallops\u00bb background_pattern_color=\u00bbrgba(0,0,0,0.6)\u00bb background_pattern_size=\u00bbcustom\u00bb background_pattern_width=\u00bb8px\u00bb collapsed=\u00bboff\u00bb global_colors_info=\u00bb{%22gcid-9ae412ef-a7ae-42a5-ab5b-f691fccab059%22:%91%22background_color%22,%22background_color_gradient_stops%22%93}\u00bb][et_pb_row _builder_version=\u00bb4.22.1&#8243; _module_preset=\u00bbdefault\u00bb global_colors_info=\u00bb{}\u00bb][et_pb_column type=\u00bb4_4&#8243; _builder_version=\u00bb4.22.1&#8243; _module_preset=\u00bbdefault\u00bb global_colors_info=\u00bb{}\u00bb][et_pb_text _builder_version=\u00bb4.22.1&#8243; _module_preset=\u00bbb3e8be02-eedc-43f9-9511-6d48bc7fcda7&#8243; text_orientation=\u00bbcenter\u00bb custom_margin=\u00bb||10px||false|false\u00bb custom_padding=\u00bb|0px||||\u00bb global_colors_info=\u00bb{}\u00bb]<\/p>\n<h1>CARACTER\u00cdSTICAS<\/h1>\n<p>[\/et_pb_text][\/et_pb_column][\/et_pb_row][et_pb_row column_structure=\u00bb1_2,1_2&#8243; _builder_version=\u00bb4.19.2&#8243; _module_preset=\u00bbdefault\u00bb max_width=\u00bb964px\u00bb custom_padding=\u00bb|||0px||\u00bb global_colors_info=\u00bb{}\u00bb][et_pb_column type=\u00bb1_2&#8243; _builder_version=\u00bb4.19.2&#8243; _module_preset=\u00bbdefault\u00bb global_colors_info=\u00bb{}\u00bb][et_pb_text _builder_version=\u00bb4.22.1&#8243; _module_preset=\u00bbfbea52de-53e9-4814-9567-4cafd9afce94&#8243; text_orientation=\u00bbcenter\u00bb custom_margin=\u00bb||63px|||\u00bb custom_padding=\u00bb19px|||||\u00bb global_colors_info=\u00bb{}\u00bb]<\/p>\n<p style=\"text-align: center;\">\ud83d\udca1 <strong>Innovaci\u00f3n interactiva al m\u00e1ximo<\/strong> \ud83d\udca1<\/p>\n<p style=\"text-align: justify;\">Desata la creatividad con la innovaci\u00f3n interactiva. Escribe tus ideas con tiza tradicional, tiza l\u00edquida o utiliza tus dedos en la pantalla t\u00e1ctil. Conecta tu port\u00e1til para compartir contenido y congela im\u00e1genes para a\u00f1adir notas con gestos intuitivos.<\/p>\n<p>[\/et_pb_text][\/et_pb_column][et_pb_column type=\u00bb1_2&#8243; _builder_version=\u00bb4.19.2&#8243; _module_preset=\u00bbdefault\u00bb global_colors_info=\u00bb{}\u00bb][et_pb_image src=\u00bbhttps:\/\/e-blackboard.es\/wp-content\/uploads\/2023\/08\/DSC2073-scaled.jpg\u00bb _builder_version=\u00bb4.22.1&#8243; _module_preset=\u00bbdefault\u00bb global_colors_info=\u00bb{}\u00bb][\/et_pb_image][\/et_pb_column][\/et_pb_row][et_pb_row column_structure=\u00bb1_2,1_2&#8243; _builder_version=\u00bb4.19.2&#8243; _module_preset=\u00bbdefault\u00bb max_width=\u00bb964px\u00bb custom_padding=\u00bb|||0px||\u00bb global_colors_info=\u00bb{}\u00bb][et_pb_column type=\u00bb1_2&#8243; _builder_version=\u00bb4.19.2&#8243; _module_preset=\u00bbdefault\u00bb global_colors_info=\u00bb{}\u00bb][et_pb_image src=\u00bbhttps:\/\/e-blackboard.es\/wp-content\/uploads\/2023\/08\/DSC2026-scaled.jpg\u00bb _builder_version=\u00bb4.22.1&#8243; _module_preset=\u00bbdefault\u00bb custom_margin=\u00bb||57px|||\u00bb custom_padding=\u00bb29px|||||\u00bb global_colors_info=\u00bb{}\u00bb][\/et_pb_image][\/et_pb_column][et_pb_column type=\u00bb1_2&#8243; _builder_version=\u00bb4.19.2&#8243; _module_preset=\u00bbdefault\u00bb global_colors_info=\u00bb{}\u00bb][et_pb_text _builder_version=\u00bb4.22.1&#8243; _module_preset=\u00bbfbea52de-53e9-4814-9567-4cafd9afce94&#8243; text_orientation=\u00bbcenter\u00bb custom_margin=\u00bb||93px|||\u00bb custom_padding=\u00bb63px|||||\u00bb global_colors_info=\u00bb{}\u00bb]<\/p>\n<p style=\"text-align: center;\">\ud83d\udd0a <strong>Sonido potente y durabilidad garantizada<\/strong> \ud83d\udd0a<\/p>\n<p style=\"text-align: justify;\">Sus altavoces de 15W + 15W llenar\u00e1n cualquier espacio con un sonido claro y envolvente. Estas E-Blackboard est\u00e1n dise\u00f1adas para resistir el paso del tiempo, con una vida \u00fatil estimada de 10 a\u00f1os, brind\u00e1ndote un producto duradero.<\/p>\n<p>[\/et_pb_text][\/et_pb_column][\/et_pb_row][et_pb_row column_structure=\u00bb1_2,1_2&#8243; _builder_version=\u00bb4.19.2&#8243; _module_preset=\u00bbdefault\u00bb max_width=\u00bb964px\u00bb custom_padding=\u00bb|||0px||\u00bb global_colors_info=\u00bb{}\u00bb][et_pb_column type=\u00bb1_2&#8243; _builder_version=\u00bb4.19.2&#8243; _module_preset=\u00bbdefault\u00bb global_colors_info=\u00bb{}\u00bb][et_pb_text _builder_version=\u00bb4.22.1&#8243; _module_preset=\u00bbfbea52de-53e9-4814-9567-4cafd9afce94&#8243; text_orientation=\u00bbcenter\u00bb custom_padding=\u00bb19px|||||\u00bb global_colors_info=\u00bb{}\u00bb]<\/p>\n<p style=\"text-align: center;\">\ud83c\udf08 <strong>Personaliza tu espacio de aprendizaje<\/strong> \ud83c\udf08<\/p>\n<p style=\"text-align: justify;\">Elige entre 75, 86 o 98 pulgadas para obtener la pantalla perfecta que se adapte a tu entorno. Con una resoluci\u00f3n impresionante de 3840X2160 y una relaci\u00f3n de aspecto de 16:09, tus presentaciones y lecciones cobrar\u00e1n vida como nunca antes lo hab\u00edan hecho con fabulosos v\u00eddeos o im\u00e1genes en 4K.<\/p>\n<p>[\/et_pb_text][\/et_pb_column][et_pb_column type=\u00bb1_2&#8243; _builder_version=\u00bb4.19.2&#8243; _module_preset=\u00bbdefault\u00bb global_colors_info=\u00bb{}\u00bb][et_pb_image src=\u00bbhttps:\/\/e-blackboard.es\/wp-content\/uploads\/2023\/08\/DSC2009-scaled.jpg\u00bb _builder_version=\u00bb4.22.1&#8243; _module_preset=\u00bbdefault\u00bb global_colors_info=\u00bb{}\u00bb][\/et_pb_image][\/et_pb_column][\/et_pb_row][et_pb_row column_structure=\u00bb1_2,1_2&#8243; _builder_version=\u00bb4.19.2&#8243; _module_preset=\u00bbdefault\u00bb max_width=\u00bb964px\u00bb custom_padding=\u00bb0px|||0px||\u00bb global_colors_info=\u00bb{}\u00bb][et_pb_column type=\u00bb1_2&#8243; _builder_version=\u00bb4.19.2&#8243; _module_preset=\u00bbdefault\u00bb global_colors_info=\u00bb{}\u00bb][et_pb_image src=\u00bbhttps:\/\/e-blackboard.es\/wp-content\/uploads\/2023\/08\/DSC2037-scaled.jpg\u00bb _builder_version=\u00bb4.22.1&#8243; _module_preset=\u00bbdefault\u00bb custom_margin=\u00bb98px|||||\u00bb global_colors_info=\u00bb{}\u00bb][\/et_pb_image][\/et_pb_column][et_pb_column type=\u00bb1_2&#8243; _builder_version=\u00bb4.19.2&#8243; _module_preset=\u00bbdefault\u00bb global_colors_info=\u00bb{}\u00bb][et_pb_text _builder_version=\u00bb4.22.1&#8243; _module_preset=\u00bbfbea52de-53e9-4814-9567-4cafd9afce94&#8243; text_orientation=\u00bbcenter\u00bb custom_margin=\u00bb55px|||||\u00bb custom_padding=\u00bb34px|||||\u00bb global_colors_info=\u00bb{}\u00bb]<\/p>\n<p style=\"text-align: center;\">\ud83d\udd0c <strong>Conexiones simplificadas para mayor productividad<\/strong> \ud83d\udd0c<\/p>\n<p style=\"text-align: justify;\">Conecta sin problemas con los puertos frontales, incluyendo USB 3.0, HDMI 2.1, USB Type-C\u00a0 y Touch USB Type-B. \u00bfBuscas una experiencia premium? El OPS opcional te ofrece un rendimiento excepcional con procesadores Intel y Sistema Operativo Windows Pro.<\/p>\n<p>[\/et_pb_text][\/et_pb_column][\/et_pb_row][et_pb_row _builder_version=\u00bb4.22.1&#8243; _module_preset=\u00bbdefault\u00bb global_colors_info=\u00bb{}\u00bb][et_pb_column type=\u00bb4_4&#8243; _builder_version=\u00bb4.22.1&#8243; _module_preset=\u00bbdefault\u00bb global_colors_info=\u00bb{}\u00bb][et_pb_text _builder_version=\u00bb4.22.1&#8243; _module_preset=\u00bbfbea52de-53e9-4814-9567-4cafd9afce94&#8243; text_orientation=\u00bbcenter\u00bb custom_padding=\u00bb19px|||||\u00bb global_colors_info=\u00bb{}\u00bb]<\/p>\n<p style=\"text-align: justify;\">No permitas que las oportunidades te pasen de largo. Convierte tus aulas y espacios de trabajo en centros de innovaci\u00f3n y colaboraci\u00f3n con las E-Blackboard.<\/p>\n<p style=\"text-align: justify;\">Ya sea en un sal\u00f3n amplio o una sala de reuniones, estas pantallas vers\u00e1tiles y potentes te permitir\u00e1n llevar el aprendizaje y la colaboraci\u00f3n a nuevas alturas.<\/p>\n<p style=\"text-align: justify;\">\u00a1Habla con nuestro equipo comercial para descubrir c\u00f3mo E-Blackboard puede transformar tu manera de ense\u00f1ar y colaborar!<\/p>\n<p>[\/et_pb_text][\/et_pb_column][\/et_pb_row][\/et_pb_section]<\/p>\n","protected":false},"excerpt":{"rendered":"<p>CARACTER\u00cdSTICAS\ud83d\udca1 Innovaci\u00f3n interactiva al m\u00e1ximo \ud83d\udca1 Desata la creatividad con la innovaci\u00f3n interactiva. Escribe tus ideas con tiza tradicional, tiza l\u00edquida o utiliza tus dedos en la pantalla t\u00e1ctil. Conecta tu port\u00e1til para compartir contenido y congela im\u00e1genes para a\u00f1adir notas con gestos intuitivos.\ud83d\udd0a Sonido potente y durabilidad garantizada \ud83d\udd0a Sus altavoces de 15W + [&hellip;]<\/p>\n","protected":false},"author":1,"featured_media":0,"parent":0,"menu_order":0,"comment_status":"closed","ping_status":"closed","template":"","meta":{"_et_pb_use_builder":"on","_et_pb_old_content":"","_et_gb_content_width":"","footnotes":""},"class_list":["post-448","page","type-page","status-publish","hentry"],"_links":{"self":[{"href":"https:\/\/e-blackboard.es\/index.php?rest_route=\/wp\/v2\/pages\/448","targetHints":{"allow":["GET"]}}],"collection":[{"href":"https:\/\/e-blackboard.es\/index.php?rest_route=\/wp\/v2\/pages"}],"about":[{"href":"https:\/\/e-blackboard.es\/index.php?rest_route=\/wp\/v2\/types\/page"}],"author":[{"embeddable":true,"href":"https:\/\/e-blackboard.es\/index.php?rest_route=\/wp\/v2\/users\/1"}],"replies":[{"embeddable":true,"href":"https:\/\/e-blackboard.es\/index.php?rest_route=%2Fwp%2Fv2%2Fcomments&post=448"}],"version-history":[{"count":10,"href":"https:\/\/e-blackboard.es\/index.php?rest_route=\/wp\/v2\/pages\/448\/revisions"}],"predecessor-version":[{"id":497,"href":"https:\/\/e-blackboard.es\/index.php?rest_route=\/wp\/v2\/pages\/448\/revisions\/497"}],"wp:attachment":[{"href":"https:\/\/e-blackboard.es\/index.php?rest_route=%2Fwp%2Fv2%2Fmedia&parent=448"}],"curies":[{"name":"wp","href":"https:\/\/api.w.org\/{rel}","templated":true}]}}